{"id":91,"date":"2023-06-01T16:22:56","date_gmt":"2023-06-01T16:22:56","guid":{"rendered":"https:\/\/chaireunesco.iut.u-bordeaux-montaigne.fr\/?page_id=91"},"modified":"2026-03-03T16:40:13","modified_gmt":"2026-03-03T16:40:13","slug":"accueil","status":"publish","type":"page","link":"https:\/\/chaireunesco.iut.u-bordeaux-montaigne.fr\/","title":{"rendered":"Bienvenue"},"content":{"rendered":"\n<figure class=\"wp-block-gallery has-nested-images columns-default is-cropped wp-block-gallery-1 is-layout-flex\">\n<figure class=\"wp-block-image size-large\"><img decoding=\"async\" loading=\"lazy\" width=\"887\" height=\"524\" data-id=\"94\"  src=\"https:\/\/chaireunesco.iut.u-bordeaux-montaigne.fr\/wp-content\/uploads\/2023\/06\/Logo-SITE-1.jpg\" alt=\"\" class=\"wp-image-94\"\/><\/figure>\n<\/figure>\n\n\n\n<p>Une chaire UNESCO est un label scientifique international. Elle est cr\u00e9\u00e9e sous la tutelle de l\u2019universit\u00e9 et plac\u00e9e sous la responsabilit\u00e9 du porteur du projet sur la base d\u2019un accord sign\u00e9 entre l\u2019universit\u00e9 et l\u2019UNESCO. Elle comprend des activit\u00e9s de formation, de recherche et sert de cadre pour un partage de l\u2019information dans les domaines de comp\u00e9tence. Elle est le pivot de conf\u00e9rences de haut niveau, \u00e0 travers notamment les professeurs invit\u00e9s qu\u2019elle accueille et les colloques qu\u2019elle organise. &nbsp;<\/p>\n\n\n\n<p>Le dispositif ISNoV, port\u00e9 par l\u2019Universit\u00e9 et l\u2019IUT Bordeaux Montaigne, rassemble 14 pays au travers d\u2019une cinquantaine de partenaires institutionnels &#8211; dont l&rsquo;UMR CNRS Passages 5319 &#8211; et d\u2019un Coll\u00e8ge interdisciplinaire compos\u00e9 d\u2019une centaine de membres d\u2019horizons divers, en Europe, en Am\u00e9rique, en Afrique et au Proche-Orient notamment.<\/p>\n\n\n\n<p>Outre la mise en place d\u2019un dispositif dipl\u00f4mant adaptable aux diff\u00e9rents contextes, ce collectif pourrait pr\u00e9figurer un r\u00e9seau international de recherche-action pertinent pour lutter contre les violences et diffuser des savoirs et savoir-faire op\u00e9rationnels.<\/p>\n\n\n\n<p>Dans cette perspective, l\u2019attendu g\u00e9n\u00e9ral est de parvenir \u00e0 alimenter un processus d\u2019\u00e9change et d\u2019hybridation des savoirs exp\u00e9rientiels et acad\u00e9miques, issus de diff\u00e9rentes cultures, destin\u00e9 \u00e0 doter les acteurs de l\u2019intervention sociale (au sens large) de moyens d\u2019am\u00e9lioration, voire de changement de leurs pratiques professionnelles. Cela pour mieux r\u00e9duire certains processus violents et diffuser plus avant des pratiques d\u2019intervention humanisantes&nbsp;: un double mouvement que recouvre le terme \u00ab&nbsp;non-violente&nbsp;\u00bb dans l\u2019intitul\u00e9 du dispositif UNESCO.&nbsp; &nbsp;<\/p>\n\n\n\n<p> &nbsp; &nbsp;<\/p>\n","protected":false},"excerpt":{"rendered":"<p>Une chaire UNESCO est un label scientifique international. Elle est cr\u00e9\u00e9e sous la tutelle de l\u2019universit\u00e9 et plac\u00e9e sous la responsabilit\u00e9 du porteur du projet sur la base d\u2019un accord sign\u00e9 entre l\u2019universit\u00e9 et l\u2019UNESCO. Elle comprend des activit\u00e9s de &hellip; <a href=\"https:\/\/chaireunesco.iut.u-bordeaux-montaigne.fr\/\">Continue reading <span class=\"meta-nav\">&rarr;<\/span><\/a><\/p>\n","protected":false},"author":1,"featured_media":0,"parent":0,"menu_order":0,"comment_status":"closed","ping_status":"closed","template":"","meta":[],"_links":{"self":[{"href":"https:\/\/chaireunesco.iut.u-bordeaux-montaigne.fr\/index.php\/wp-json\/wp\/v2\/pages\/91"}],"collection":[{"href":"https:\/\/chaireunesco.iut.u-bordeaux-montaigne.fr\/index.php\/wp-json\/wp\/v2\/pages"}],"about":[{"href":"https:\/\/chaireunesco.iut.u-bordeaux-montaigne.fr\/index.php\/wp-json\/wp\/v2\/types\/page"}],"author":[{"embeddable":true,"href":"https:\/\/chaireunesco.iut.u-bordeaux-montaigne.fr\/index.php\/wp-json\/wp\/v2\/users\/1"}],"replies":[{"embeddable":true,"href":"https:\/\/chaireunesco.iut.u-bordeaux-montaigne.fr\/index.php\/wp-json\/wp\/v2\/comments?post=91"}],"version-history":[{"count":7,"href":"https:\/\/chaireunesco.iut.u-bordeaux-montaigne.fr\/index.php\/wp-json\/wp\/v2\/pages\/91\/revisions"}],"predecessor-version":[{"id":251,"href":"https:\/\/chaireunesco.iut.u-bordeaux-montaigne.fr\/index.php\/wp-json\/wp\/v2\/pages\/91\/revisions\/251"}],"wp:attachment":[{"href":"https:\/\/chaireunesco.iut.u-bordeaux-montaigne.fr\/index.php\/wp-json\/wp\/v2\/media?parent=91"}],"curies":[{"name":"wp","href":"https:\/\/api.w.org\/{rel}","templated":true}]}}